{"id":3543,"date":"2024-06-03T16:59:05","date_gmt":"2024-06-03T20:59:05","guid":{"rendered":"https:\/\/www.traffix.com\/?page_id=3543"},"modified":"2026-03-23T04:32:06","modified_gmt":"2026-03-23T08:32:06","slug":"ship-with-traffix","status":"publish","type":"page","link":"https:\/\/www.traffix.com\/es\/ship-with-traffix","title":{"rendered":"Embarca con TRAFFIX"},"content":{"rendered":"\n<section class=\" ctn   \"><div class=\"wrapper\"><div id=\"block-hero-multi-form-block_340fa2d470b1c73e0c25fcbdabb65178\" class=\"  block-acf-hero-multi-form block-acf-hero-multi-form\" style=\"\"> <div class='s-0'><\/div>\t\t<section id=\"hero-section\" class=\"hero-section multiform-hero-section ctn-940\">\n\t\t\t<div class=\"hero-layer-top\"><\/div>\n\t\t\t<div class=\"wrapper\">\n\t\t\t\t<div class=\"section-multiform\">\n\t\t\t\t\t<div class=\"gl-s20\"><\/div>\n\t\t\t\t\t<div class=\"gl-s160\"><\/div>\n\t\t\t\t\t<div class=\"multiform-head\">\n\t\t\t\t\t\t\t\t\t\t\t\t\t<h1 class=\"heading-2\">Env\u00ede con <span>TRAFFIX<\/span><\/h1>\t\t\t\t\t\t\t\t\t\t\t\t\t\t\t\t\t\t<div class=\"select-form-buttons\">\n\t\t\t\t\t\t\t\t\t\t\t\t\t\t\t\t\t\t\t\t\t\t\t\t\t\t\t\t<\/div>\n\t\t\t\t\t\t\t\t\t\t<\/div>\n\t\t\t\t\t\t\t\t\t\t<div class=\"form-content without-bg\">\n\t\t\t\t\t\t<!-- old form:  --><!-- new form:  -->\t\t\t\t\t\t\t<div class=\"form-content-inner\" data-value=\"\"  \t\t\t\t\t\t\t>\n\n\t\t\t\t\t\t\t\t\t\t\t\t\t\t\t<h2 class=\"form_title hubspot-form-hide\">\u00bfC\u00f3mo podemos ayudarle?<\/h2>\n\t\t\t\t\t\t\t\t<!-- <h2 class=\"form_title\" >   <\/h2> -->\n\t\t\t\t\t\t\t\n\t\t\t\t\t\t\t<script charset=\"utf-8\" type=\"text\/javascript\" src=\"\/\/js.hsforms.net\/forms\/embed\/v2.js\"><\/script>\r\n<script>\r\n  hbspt.forms.create({\r\n    portalId: \"49675250\",\r\n    formId: \"2ef491c1-d642-4651-b919-76488cd31d40\",\r\n    region: \"na1\",\r\n    onFormReady: function($form) {\r\n       function hsform_getCookie(name) {\r\n           var match = document.cookie.match(new RegExp('(^| )' + name + '=([^;]+)'));\r\n           if (match) return decodeURIComponent(match[2]);\r\n           return null;\r\n       }\r\n       var storedCampaign = hsform_getCookie('ppc_campaignid');\r\n       if (storedCampaign) {\r\n           $form.find('input[name=\"google_campaign_id\"]').val(storedCampaign);\r\n       }\r\n   }\r\n  });\r\n<\/script>\n\t\t\t\t\t\t\t<\/div>\n\n\t\t\t\t\t\t\t\t\t\t\t<\/div>\n\t\t\t\t\t\t\t\t\t<\/div>\n\t\t\t\t\n\t\t\t<\/div>\n\t\t<\/section>\n\t\t<div class='gl-s140'><\/div><\/div><\/div><\/section>\n","protected":false},"excerpt":{"rendered":"","protected":false},"author":1,"featured_media":0,"parent":0,"menu_order":3,"comment_status":"closed","ping_status":"closed","template":"","meta":{"_acf_changed":true,"_uag_custom_page_level_css":"","footnotes":""},"class_list":["post-3543","page","type-page","status-publish","hentry"],"acf":[],"yoast_head":"<!-- This site is optimized with the Yoast SEO plugin v27.4 - https:\/\/yoast.com\/product\/yoast-seo-wordpress\/ -->\n<title>Env\u00edos con TRAFFIX - Soluciones de Transporte Personalizadas<\/title>\n<meta name=\"description\" content=\"Olvide las soluciones gen\u00e9ricas. TRAFFIX dise\u00f1a soluciones a medida para las necesidades \u00fanicas de su negocio.\" \/>\n<meta name=\"robots\" content=\"index, follow, max-snippet:-1, max-image-preview:large, max-video-preview:-1\" \/>\n<link rel=\"canonical\" href=\"https:\/\/www.traffix.com\/es\/ship-with-traffix\" \/>\n<meta property=\"og:locale\" content=\"es_ES\" \/>\n<meta property=\"og:type\" content=\"article\" \/>\n<meta property=\"og:title\" content=\"Env\u00edos con TRAFFIX - Soluciones de Transporte Personalizadas\" \/>\n<meta property=\"og:description\" content=\"Olvide las soluciones gen\u00e9ricas. TRAFFIX dise\u00f1a soluciones a medida para las necesidades \u00fanicas de su negocio.\" \/>\n<meta property=\"og:url\" content=\"https:\/\/www.traffix.com\/es\/ship-with-traffix\" \/>\n<meta property=\"og:site_name\" content=\"TRAFFIX\" \/>\n<meta property=\"article:publisher\" content=\"https:\/\/www.facebook.com\/pages\/Traffix\/346990412090577\" \/>\n<meta property=\"article:modified_time\" content=\"2026-03-23T08:32:06+00:00\" \/>\n<meta name=\"twitter:card\" content=\"summary_large_image\" \/>\n<meta name=\"twitter:site\" content=\"@traffix1979\" \/>\n<!-- \/ Yoast SEO plugin. -->","yoast_head_json":{"title":"Env\u00edos con TRAFFIX - Soluciones de Transporte Personalizadas","description":"Olvide las soluciones gen\u00e9ricas. TRAFFIX dise\u00f1a soluciones a medida para las necesidades \u00fanicas de su negocio.","robots":{"index":"index","follow":"follow","max-snippet":"max-snippet:-1","max-image-preview":"max-image-preview:large","max-video-preview":"max-video-preview:-1"},"canonical":"https:\/\/www.traffix.com\/es\/ship-with-traffix","og_locale":"es_ES","og_type":"article","og_title":"Env\u00edos con TRAFFIX - Soluciones de Transporte Personalizadas","og_description":"Olvide las soluciones gen\u00e9ricas. TRAFFIX dise\u00f1a soluciones a medida para las necesidades \u00fanicas de su negocio.","og_url":"https:\/\/www.traffix.com\/es\/ship-with-traffix","og_site_name":"TRAFFIX","article_publisher":"https:\/\/www.facebook.com\/pages\/Traffix\/346990412090577","article_modified_time":"2026-03-23T08:32:06+00:00","twitter_card":"summary_large_image","twitter_site":"@traffix1979","schema":{"@context":"https:\/\/schema.org","@graph":[{"@type":"WebPage","@id":"https:\/\/www.traffix.com\/es\/ship-with-traffix","url":"https:\/\/www.traffix.com\/es\/ship-with-traffix","name":"Env\u00edos con TRAFFIX - Soluciones de Transporte Personalizadas","isPartOf":{"@id":"https:\/\/www.traffix.com\/es#website"},"datePublished":"2024-06-03T20:59:05+00:00","dateModified":"2026-03-23T08:32:06+00:00","description":"Olvide las soluciones gen\u00e9ricas. TRAFFIX dise\u00f1a soluciones a medida para las necesidades \u00fanicas de su negocio.","breadcrumb":{"@id":"https:\/\/www.traffix.com\/es\/ship-with-traffix#breadcrumb"},"inLanguage":"es","potentialAction":[{"@type":"ReadAction","target":["https:\/\/www.traffix.com\/es\/ship-with-traffix"]}]},{"@type":"BreadcrumbList","@id":"https:\/\/www.traffix.com\/es\/ship-with-traffix#breadcrumb","itemListElement":[{"@type":"ListItem","position":1,"name":"Home","item":"https:\/\/www.traffix.com\/es"},{"@type":"ListItem","position":2,"name":"Embarca con TRAFFIX"}]},{"@type":"WebSite","@id":"https:\/\/www.traffix.com\/es#website","url":"https:\/\/www.traffix.com\/es","name":"TRAFFIX","description":"North America&#039;s Leading Third-Party Logistics Specialist","potentialAction":[{"@type":"SearchAction","target":{"@type":"EntryPoint","urlTemplate":"https:\/\/www.traffix.com\/es?s={search_term_string}"},"query-input":{"@type":"PropertyValueSpecification","valueRequired":true,"valueName":"search_term_string"}}],"inLanguage":"es"}]}},"uagb_featured_image_src":{"full":false,"thumbnail":false,"medium":false,"medium_large":false,"large":false,"1536x1536":false,"2048x2048":false,"post-thumbnail":false,"admin-square":false,"admin-landscape":false,"admin-portrait":false,"thumb_2000":false,"thumb_1600":false,"thumb_1400":false,"thumb_1200":false,"thumb_1000":false,"thumb_900":false,"thumb_800":false,"thumb_700":false,"thumb_600":false,"thumb_500":false,"thumb_400":false,"thumb_300":false,"thumb_200":false,"thumb_100":false,"gform-image-choice-sm":false,"gform-image-choice-md":false,"gform-image-choice-lg":false},"uagb_author_info":{"display_name":"traffix","author_link":"https:\/\/www.traffix.com\/es\/author\/traffix"},"uagb_comment_info":0,"uagb_excerpt":null,"_links":{"self":[{"href":"https:\/\/www.traffix.com\/es\/wp-json\/wp\/v2\/pages\/3543","targetHints":{"allow":["GET"]}}],"collection":[{"href":"https:\/\/www.traffix.com\/es\/wp-json\/wp\/v2\/pages"}],"about":[{"href":"https:\/\/www.traffix.com\/es\/wp-json\/wp\/v2\/types\/page"}],"author":[{"embeddable":true,"href":"https:\/\/www.traffix.com\/es\/wp-json\/wp\/v2\/users\/1"}],"replies":[{"embeddable":true,"href":"https:\/\/www.traffix.com\/es\/wp-json\/wp\/v2\/comments?post=3543"}],"version-history":[{"count":0,"href":"https:\/\/www.traffix.com\/es\/wp-json\/wp\/v2\/pages\/3543\/revisions"}],"wp:attachment":[{"href":"https:\/\/www.traffix.com\/es\/wp-json\/wp\/v2\/media?parent=3543"}],"curies":[{"name":"wp","href":"https:\/\/api.w.org\/{rel}","templated":true}]}}