{"id":905,"date":"2024-05-02T11:58:49","date_gmt":"2024-05-02T15:58:49","guid":{"rendered":"https:\/\/www.traffix.com\/resources\/"},"modified":"2024-11-12T16:59:42","modified_gmt":"2024-11-12T16:59:42","slug":"resources","status":"publish","type":"page","link":"https:\/\/www.traffix.com\/es\/resources","title":{"rendered":"Recursos"},"content":{"rendered":"","protected":false},"excerpt":{"rendered":"","protected":false},"author":1,"featured_media":0,"parent":0,"menu_order":10,"comment_status":"closed","ping_status":"closed","template":"templates\/template-blog.php","meta":{"_acf_changed":false,"_uag_custom_page_level_css":"","footnotes":""},"class_list":["post-905","page","type-page","status-publish","hentry"],"acf":[],"yoast_head":"<!-- This site is optimized with the Yoast SEO plugin v27.2 - https:\/\/yoast.com\/product\/yoast-seo-wordpress\/ -->\n<title>Recursos de TRAFFIX - Art\u00edculos, Gu\u00edas, Libros Blancos y M\u00e1s<\/title>\n<meta name=\"description\" content=\"Explore la extendida biblioteca de art\u00edculos, gu\u00edas, estudio de casos y m\u00e1s de TRAFFIX. \u00a1Suscr\u00edbase hoy!\" \/>\n<meta name=\"robots\" content=\"index, follow, max-snippet:-1, max-image-preview:large, max-video-preview:-1\" \/>\n<link rel=\"canonical\" href=\"https:\/\/www.traffix.com\/es\/resources\" \/>\n<meta property=\"og:locale\" content=\"es_ES\" \/>\n<meta property=\"og:type\" content=\"article\" \/>\n<meta property=\"og:title\" content=\"Recursos de TRAFFIX - Art\u00edculos, Gu\u00edas, Libros Blancos y M\u00e1s\" \/>\n<meta property=\"og:description\" content=\"Explore la extendida biblioteca de art\u00edculos, gu\u00edas, estudio de casos y m\u00e1s de TRAFFIX. \u00a1Suscr\u00edbase hoy!\" \/>\n<meta property=\"og:url\" content=\"https:\/\/www.traffix.com\/es\/resources\" \/>\n<meta property=\"og:site_name\" content=\"TRAFFIX\" \/>\n<meta property=\"article:publisher\" content=\"https:\/\/www.facebook.com\/pages\/Traffix\/346990412090577\" \/>\n<meta property=\"article:modified_time\" content=\"2024-11-12T16:59:42+00:00\" \/>\n<meta name=\"twitter:card\" content=\"summary_large_image\" \/>\n<meta name=\"twitter:site\" content=\"@traffix1979\" \/>\n<!-- \/ Yoast SEO plugin. -->","yoast_head_json":{"title":"Recursos de TRAFFIX - Art\u00edculos, Gu\u00edas, Libros Blancos y M\u00e1s","description":"Explore la extendida biblioteca de art\u00edculos, gu\u00edas, estudio de casos y m\u00e1s de TRAFFIX. \u00a1Suscr\u00edbase hoy!","robots":{"index":"index","follow":"follow","max-snippet":"max-snippet:-1","max-image-preview":"max-image-preview:large","max-video-preview":"max-video-preview:-1"},"canonical":"https:\/\/www.traffix.com\/es\/resources","og_locale":"es_ES","og_type":"article","og_title":"Recursos de TRAFFIX - Art\u00edculos, Gu\u00edas, Libros Blancos y M\u00e1s","og_description":"Explore la extendida biblioteca de art\u00edculos, gu\u00edas, estudio de casos y m\u00e1s de TRAFFIX. \u00a1Suscr\u00edbase hoy!","og_url":"https:\/\/www.traffix.com\/es\/resources","og_site_name":"TRAFFIX","article_publisher":"https:\/\/www.facebook.com\/pages\/Traffix\/346990412090577","article_modified_time":"2024-11-12T16:59:42+00:00","twitter_card":"summary_large_image","twitter_site":"@traffix1979","schema":{"@context":"https:\/\/schema.org","@graph":[{"@type":"WebPage","@id":"https:\/\/www.traffix.com\/es\/resources","url":"https:\/\/www.traffix.com\/es\/resources","name":"Recursos de TRAFFIX - Art\u00edculos, Gu\u00edas, Libros Blancos y M\u00e1s","isPartOf":{"@id":"https:\/\/www.traffix.com\/es#website"},"datePublished":"2024-05-02T15:58:49+00:00","dateModified":"2024-11-12T16:59:42+00:00","description":"Explore la extendida biblioteca de art\u00edculos, gu\u00edas, estudio de casos y m\u00e1s de TRAFFIX. \u00a1Suscr\u00edbase hoy!","breadcrumb":{"@id":"https:\/\/www.traffix.com\/es\/resources#breadcrumb"},"inLanguage":"es","potentialAction":[{"@type":"ReadAction","target":["https:\/\/www.traffix.com\/es\/resources"]}]},{"@type":"BreadcrumbList","@id":"https:\/\/www.traffix.com\/es\/resources#breadcrumb","itemListElement":[{"@type":"ListItem","position":1,"name":"Home","item":"https:\/\/www.traffix.com\/es"},{"@type":"ListItem","position":2,"name":"Recursos"}]},{"@type":"WebSite","@id":"https:\/\/www.traffix.com\/es#website","url":"https:\/\/www.traffix.com\/es","name":"TRAFFIX","description":"North America&#039;s Leading Third-Party Logistics Specialist","potentialAction":[{"@type":"SearchAction","target":{"@type":"EntryPoint","urlTemplate":"https:\/\/www.traffix.com\/es?s={search_term_string}"},"query-input":{"@type":"PropertyValueSpecification","valueRequired":true,"valueName":"search_term_string"}}],"inLanguage":"es"}]}},"uagb_featured_image_src":{"full":false,"thumbnail":false,"medium":false,"medium_large":false,"large":false,"1536x1536":false,"2048x2048":false,"post-thumbnail":false,"admin-square":false,"admin-landscape":false,"admin-portrait":false,"thumb_2000":false,"thumb_1600":false,"thumb_1400":false,"thumb_1200":false,"thumb_1000":false,"thumb_900":false,"thumb_800":false,"thumb_700":false,"thumb_600":false,"thumb_500":false,"thumb_400":false,"thumb_300":false,"thumb_200":false,"thumb_100":false,"gform-image-choice-sm":false,"gform-image-choice-md":false,"gform-image-choice-lg":false},"uagb_author_info":{"display_name":"traffix","author_link":"https:\/\/www.traffix.com\/es\/author\/traffix"},"uagb_comment_info":0,"uagb_excerpt":null,"_links":{"self":[{"href":"https:\/\/www.traffix.com\/es\/wp-json\/wp\/v2\/pages\/905","targetHints":{"allow":["GET"]}}],"collection":[{"href":"https:\/\/www.traffix.com\/es\/wp-json\/wp\/v2\/pages"}],"about":[{"href":"https:\/\/www.traffix.com\/es\/wp-json\/wp\/v2\/types\/page"}],"author":[{"embeddable":true,"href":"https:\/\/www.traffix.com\/es\/wp-json\/wp\/v2\/users\/1"}],"replies":[{"embeddable":true,"href":"https:\/\/www.traffix.com\/es\/wp-json\/wp\/v2\/comments?post=905"}],"version-history":[{"count":0,"href":"https:\/\/www.traffix.com\/es\/wp-json\/wp\/v2\/pages\/905\/revisions"}],"wp:attachment":[{"href":"https:\/\/www.traffix.com\/es\/wp-json\/wp\/v2\/media?parent=905"}],"curies":[{"name":"wp","href":"https:\/\/api.w.org\/{rel}","templated":true}]}}