{"id":878,"date":"2024-05-02T12:03:40","date_gmt":"2024-05-02T12:03:40","guid":{"rendered":"https:\/\/www.traffix.com\/connect-with-an-expert\/"},"modified":"2024-11-14T16:30:30","modified_gmt":"2024-11-14T16:30:30","slug":"connect-with-an-expert","status":"publish","type":"page","link":"https:\/\/www.traffix.com\/fr\/connect-with-an-expert","title":{"rendered":"Parlez \u00e0 un expert"},"content":{"rendered":"\n<section class=\" ctn-full-width   \"><div class=\"wrapper\"><div id=\"block-hero-text-only-block_9c52ae3c8a56b44dccc8c4d2f64689e7\" class=\"  block-acf-hero-text-only block-acf-hero-text-only\" style=\"\"> <div class='s-0'><\/div>\t\t<div id=\"hero-section\" class=\"hero-section hero-section-default\">\n\t\t\t<div class=\"hero-default without-image \">\n\t\t\t\t<div class=\"hero-default-content\">\n\t\t\t\t\t\t\t\t\t\t\t<h1 class=\"heading-1\">Exp\u00e9diez avec <span>TRAFFIX<\/span><\/h1>\t\t\t\t\t\t\t\t\t\t\t\t\t\t<\/div>\n\t\t\t<\/div>\n\t\t<\/div>\n\t\t<div class='gl-s20'><\/div><\/div>\n\n<div id=\"block-location-tiles-block_b99b5e6cb3ac096cf781659672e1105d\" class=\"  block-acf-location-tiles block-acf-location-tiles\" style=\"\"> <div class='s-0'><\/div>\t\t<div class=\"location-tiles-block\">\n\t\t\t\t\t\t\t<div class=\"section-head center-align\">\n\t\t\t\t\t<h2 class=\"heading-3\">si\u00e8ge social <\/h2>\t\t\t\t<\/div>\n\t\t\t\t\t\t\t\t\t\t<div class=\"location-tiles locations-three-columns\">\n\t\t\t\t\t\t\t\t\t\t\t<div class=\"single-location-tile location-tile\">\n\t\t\t\t\t\t\t\t\t\t\t\t\t\t\t<div class=\"location-tile-image\">\n\t\t\t\t\t\t\t\t\t<img loading=\"lazy\" decoding=\"async\" width=\"600\" height=\"400\" src=\"https:\/\/www.traffix.com\/wp-content\/uploads\/AdobeStock_141157106-600x400.webp\" class=\"attachment-thumb_600 size-thumb_600\" alt=\"Yellow Tower in Black and White City\" title=\"AdobeStock_141157106\" srcset=\"https:\/\/www.traffix.com\/wp-content\/uploads\/AdobeStock_141157106-600x400.webp 600w, https:\/\/www.traffix.com\/wp-content\/uploads\/AdobeStock_141157106-300x200.webp 300w, https:\/\/www.traffix.com\/wp-content\/uploads\/AdobeStock_141157106-1024x683.webp 1024w, https:\/\/www.traffix.com\/wp-content\/uploads\/AdobeStock_141157106-768x513.webp 768w, https:\/\/www.traffix.com\/wp-content\/uploads\/AdobeStock_141157106-1536x1025.webp 1536w, https:\/\/www.traffix.com\/wp-content\/uploads\/AdobeStock_141157106-2048x1367.webp 2048w, https:\/\/www.traffix.com\/wp-content\/uploads\/AdobeStock_141157106-90x60.webp 90w, https:\/\/www.traffix.com\/wp-content\/uploads\/AdobeStock_141157106-135x90.webp 135w, https:\/\/www.traffix.com\/wp-content\/uploads\/AdobeStock_141157106-2000x1335.webp 2000w, https:\/\/www.traffix.com\/wp-content\/uploads\/AdobeStock_141157106-1600x1068.webp 1600w, https:\/\/www.traffix.com\/wp-content\/uploads\/AdobeStock_141157106-1400x934.webp 1400w, https:\/\/www.traffix.com\/wp-content\/uploads\/AdobeStock_141157106-1200x801.webp 1200w, https:\/\/www.traffix.com\/wp-content\/uploads\/AdobeStock_141157106-1000x667.webp 1000w, https:\/\/www.traffix.com\/wp-content\/uploads\/AdobeStock_141157106-900x601.webp 900w, https:\/\/www.traffix.com\/wp-content\/uploads\/AdobeStock_141157106-800x534.webp 800w, https:\/\/www.traffix.com\/wp-content\/uploads\/AdobeStock_141157106-700x467.webp 700w, https:\/\/www.traffix.com\/wp-content\/uploads\/AdobeStock_141157106-500x334.webp 500w, https:\/\/www.traffix.com\/wp-content\/uploads\/AdobeStock_141157106-400x267.webp 400w, https:\/\/www.traffix.com\/wp-content\/uploads\/AdobeStock_141157106-200x133.webp 200w, https:\/\/www.traffix.com\/wp-content\/uploads\/AdobeStock_141157106-100x67.webp 100w\" sizes=\"auto, (max-width: 600px) 100vw, 600px\" \/>\t\t\t\t\t\t\t\t<\/div>\n\t\t\t\t\t\t\t\t\t\t\t\t\t\t<div class=\"location-tile-content\">\n\t\t\t\t\t\t\t\t\t\t\t\t\t\t\t\t\t<h3 class=\"heading-5\"> Canada  <\/h3>\n\t\t\t\t\t\t\t\t\t\t\t\t\t\t\t\t\t\t\t\t\t\t\t\t\t<div class=\"location-tile-location text-20\">\n\t\t\t\t\t\t\t\t\t\t1-375 Wheelabrator Way\r\nMilton, ON L9T 3C1\r\n\t\t\t\t\t\t\t\t\t<\/div>\n\t\t\t\t\t\t\t\t\t\t\t\t\t\t\t\t\t\t\t\t\t\t\t\t\t<div class=\"location-tile-number text-20\">\n\t\t\t\t\t\t\t\t\t\t<a href=\"tel:19058750708\">1+ 905 875 0708<\/a>\n\t\t\t\t\t\t\t\t\t<\/div>\n\t\t\t\t\t\t\t\t\t\t\t\t\t\t\t<\/div>\n\t\t\t\t\t\t<\/div>\n\t\t\t\t\t\t\t\t\t\t\t\t<div class=\"single-location-tile location-tile\">\n\t\t\t\t\t\t\t\t\t\t\t\t\t\t\t<div class=\"location-tile-image\">\n\t\t\t\t\t\t\t\t\t<img loading=\"lazy\" decoding=\"async\" width=\"600\" height=\"400\" src=\"https:\/\/www.traffix.com\/wp-content\/uploads\/AdobeStock_306619275_Editorial_Use_Only-600x400.webp\" class=\"attachment-thumb_600 size-thumb_600\" alt=\"Black and white photo of a city. Sculpture colored yellow.\" title=\"AdobeStock_306619275_Editorial_Use_Only\" srcset=\"https:\/\/www.traffix.com\/wp-content\/uploads\/AdobeStock_306619275_Editorial_Use_Only-600x400.webp 600w, https:\/\/www.traffix.com\/wp-content\/uploads\/AdobeStock_306619275_Editorial_Use_Only-300x200.webp 300w, https:\/\/www.traffix.com\/wp-content\/uploads\/AdobeStock_306619275_Editorial_Use_Only-1024x683.webp 1024w, https:\/\/www.traffix.com\/wp-content\/uploads\/AdobeStock_306619275_Editorial_Use_Only-768x512.webp 768w, https:\/\/www.traffix.com\/wp-content\/uploads\/AdobeStock_306619275_Editorial_Use_Only-1536x1024.webp 1536w, https:\/\/www.traffix.com\/wp-content\/uploads\/AdobeStock_306619275_Editorial_Use_Only-2048x1365.webp 2048w, https:\/\/www.traffix.com\/wp-content\/uploads\/AdobeStock_306619275_Editorial_Use_Only-90x60.webp 90w, https:\/\/www.traffix.com\/wp-content\/uploads\/AdobeStock_306619275_Editorial_Use_Only-135x90.webp 135w, https:\/\/www.traffix.com\/wp-content\/uploads\/AdobeStock_306619275_Editorial_Use_Only-2000x1333.webp 2000w, https:\/\/www.traffix.com\/wp-content\/uploads\/AdobeStock_306619275_Editorial_Use_Only-1600x1067.webp 1600w, https:\/\/www.traffix.com\/wp-content\/uploads\/AdobeStock_306619275_Editorial_Use_Only-1400x933.webp 1400w, https:\/\/www.traffix.com\/wp-content\/uploads\/AdobeStock_306619275_Editorial_Use_Only-1200x800.webp 1200w, https:\/\/www.traffix.com\/wp-content\/uploads\/AdobeStock_306619275_Editorial_Use_Only-1000x667.webp 1000w, https:\/\/www.traffix.com\/wp-content\/uploads\/AdobeStock_306619275_Editorial_Use_Only-900x600.webp 900w, https:\/\/www.traffix.com\/wp-content\/uploads\/AdobeStock_306619275_Editorial_Use_Only-800x533.webp 800w, https:\/\/www.traffix.com\/wp-content\/uploads\/AdobeStock_306619275_Editorial_Use_Only-700x467.webp 700w, https:\/\/www.traffix.com\/wp-content\/uploads\/AdobeStock_306619275_Editorial_Use_Only-500x333.webp 500w, https:\/\/www.traffix.com\/wp-content\/uploads\/AdobeStock_306619275_Editorial_Use_Only-400x267.webp 400w, https:\/\/www.traffix.com\/wp-content\/uploads\/AdobeStock_306619275_Editorial_Use_Only-200x133.webp 200w, https:\/\/www.traffix.com\/wp-content\/uploads\/AdobeStock_306619275_Editorial_Use_Only-100x67.webp 100w\" sizes=\"auto, (max-width: 600px) 100vw, 600px\" \/>\t\t\t\t\t\t\t\t<\/div>\n\t\t\t\t\t\t\t\t\t\t\t\t\t\t<div class=\"location-tile-content\">\n\t\t\t\t\t\t\t\t\t\t\t\t\t\t\t\t\t<h3 class=\"heading-5\"> USA  <\/h3>\n\t\t\t\t\t\t\t\t\t\t\t\t\t\t\t\t\t\t\t\t\t\t\t\t\t<div class=\"location-tile-location text-20\">\n\t\t\t\t\t\t\t\t\t\t141 W. Jackson Blvd , Suite 2010\r\nChicago, IL  60604\r\n\t\t\t\t\t\t\t\t\t<\/div>\n\t\t\t\t\t\t\t\t\t\t\t\t\t\t\t\t\t\t\t\t\t\t\t\t\t<div class=\"location-tile-number text-20\">\n\t\t\t\t\t\t\t\t\t\t<a href=\"tel:13129836101\">+1 312 983 6101<\/a>\n\t\t\t\t\t\t\t\t\t<\/div>\n\t\t\t\t\t\t\t\t\t\t\t\t\t\t\t<\/div>\n\t\t\t\t\t\t<\/div>\n\t\t\t\t\t\t\t\t\t\t\t\t<div class=\"single-location-tile location-tile\">\n\t\t\t\t\t\t\t\t\t\t\t\t\t\t\t<div class=\"location-tile-image\">\n\t\t\t\t\t\t\t\t\t<img loading=\"lazy\" decoding=\"async\" width=\"600\" height=\"400\" src=\"https:\/\/www.traffix.com\/wp-content\/uploads\/AdobeStock_253445371-600x400.webp\" class=\"attachment-thumb_600 size-thumb_600\" alt=\"Black and white photo of a city. The chapel colored yellow.\" title=\"AdobeStock_253445371\" srcset=\"https:\/\/www.traffix.com\/wp-content\/uploads\/AdobeStock_253445371-600x400.webp 600w, https:\/\/www.traffix.com\/wp-content\/uploads\/AdobeStock_253445371-300x200.webp 300w, https:\/\/www.traffix.com\/wp-content\/uploads\/AdobeStock_253445371-1024x683.webp 1024w, https:\/\/www.traffix.com\/wp-content\/uploads\/AdobeStock_253445371-768x512.webp 768w, https:\/\/www.traffix.com\/wp-content\/uploads\/AdobeStock_253445371-1536x1024.webp 1536w, https:\/\/www.traffix.com\/wp-content\/uploads\/AdobeStock_253445371-2048x1365.webp 2048w, https:\/\/www.traffix.com\/wp-content\/uploads\/AdobeStock_253445371-90x60.webp 90w, https:\/\/www.traffix.com\/wp-content\/uploads\/AdobeStock_253445371-135x90.webp 135w, https:\/\/www.traffix.com\/wp-content\/uploads\/AdobeStock_253445371-2000x1333.webp 2000w, https:\/\/www.traffix.com\/wp-content\/uploads\/AdobeStock_253445371-1600x1067.webp 1600w, https:\/\/www.traffix.com\/wp-content\/uploads\/AdobeStock_253445371-1400x933.webp 1400w, https:\/\/www.traffix.com\/wp-content\/uploads\/AdobeStock_253445371-1200x800.webp 1200w, https:\/\/www.traffix.com\/wp-content\/uploads\/AdobeStock_253445371-1000x667.webp 1000w, https:\/\/www.traffix.com\/wp-content\/uploads\/AdobeStock_253445371-900x600.webp 900w, https:\/\/www.traffix.com\/wp-content\/uploads\/AdobeStock_253445371-800x533.webp 800w, https:\/\/www.traffix.com\/wp-content\/uploads\/AdobeStock_253445371-700x467.webp 700w, https:\/\/www.traffix.com\/wp-content\/uploads\/AdobeStock_253445371-500x333.webp 500w, https:\/\/www.traffix.com\/wp-content\/uploads\/AdobeStock_253445371-400x267.webp 400w, https:\/\/www.traffix.com\/wp-content\/uploads\/AdobeStock_253445371-200x133.webp 200w, https:\/\/www.traffix.com\/wp-content\/uploads\/AdobeStock_253445371-100x67.webp 100w\" sizes=\"auto, (max-width: 600px) 100vw, 600px\" \/>\t\t\t\t\t\t\t\t<\/div>\n\t\t\t\t\t\t\t\t\t\t\t\t\t\t<div class=\"location-tile-content\">\n\t\t\t\t\t\t\t\t\t\t\t\t\t\t\t\t\t<h3 class=\"heading-5\"> Mexico   <\/h3>\n\t\t\t\t\t\t\t\t\t\t\t\t\t\t\t\t\t\t\t\t\t\t\t\t\t<div class=\"location-tile-location text-20\">\n\t\t\t\t\t\t\t\t\t\t2450-102. Colonia Obsipado\r\nMonterrey Nuevo Leon 64060\r\n\t\t\t\t\t\t\t\t\t<\/div>\n\t\t\t\t\t\t\t\t\t\t\t\t\t\t\t\t\t\t\t\t\t\t\t\t\t<div class=\"location-tile-number text-20\">\n\t\t\t\t\t\t\t\t\t\t<a href=\"tel:12028557070\">+1 202 855 7070<\/a>\n\t\t\t\t\t\t\t\t\t<\/div>\n\t\t\t\t\t\t\t\t\t\t\t\t\t\t\t<\/div>\n\t\t\t\t\t\t<\/div>\n\t\t\t\t\t\t\t\t\t\t<\/div>\n\t\t\t\t\t<\/div>\n\t\t<div class='gl-s80'><\/div><\/div><\/div><\/section>\n\n\n\n<p><\/p>\n\n\n\n<section class=\" ctn-860   \"><div class=\"wrapper\"><div id=\"block-theme-map-block_af1bcec8d63cdbb665f98c87c6baba7c\" class=\"  block-acf-theme-map block-acf-theme-map\" style=\"\"> <div class='s-0'><\/div>\t\t\t\t<div class=\"contact-map\">\n\t\t\t\t\t\t\t<div class=\"map-image\">\n\t\t\t\t\t<img decoding=\"async\" src=\"https:\/\/www.traffix.com\/wp-content\/themes\/traffix\/assets\/build\/images\/contact-map.webp\" alt=\"map-image\">\n\t\t\t\t\t<div class=\"map-location-pins\">\n\t\t\t\t\t\t\t\t\t\t\t\t\t\t<div role=\"none\" tabindex=\"0\" class=\"single-location-pin headquarter pin_1\">\n\t\t\t\t\t\t\t\t\t<svg role=\"none\" xmlns=\"http:\/\/www.w3.org\/2000\/svg\" width=\"38\" height=\"38\"\n\t\t\t\t\t\t\t\t\t\tviewBox=\"0 0 38 38\" fill=\"none\">\n\t\t\t\t\t\t\t\t\t\t<path fill-rule=\"evenodd\" clip-rule=\"evenodd\"\n\t\t\t\t\t\t\t\t\t\t\td=\"M19 36.6C28.7202 36.6 36.6 28.7202 36.6 19C36.6 9.27979 28.7202 1.4 19 1.4C9.27979 1.4 1.4 9.27979 1.4 19C1.4 28.7202 9.27979 36.6 19 36.6ZM19 38C29.4934 38 38 29.4934 38 19C38 8.50659 29.4934 0 19 0C8.50659 0 0 8.50659 0 19C0 29.4934 8.50659 38 19 38Z\"\n\t\t\t\t\t\t\t\t\t\t\tfill=\"transparent\" \/>\n\t\t\t\t\t\t\t\t\t\t<path d=\"M19 5.5L16 15H6.5L14 21L11 30L19 24.5L27 30L24 21L32 15H22L19 5.5Z\"\n\t\t\t\t\t\t\t\t\t\t\tfill=\"#C4C7CA\" \/>\n\t\t\t\t\t\t\t\t\t<\/svg>\n\t\t\t\t\t\t\t\t\t<div class=\"tooltip-text\">Milton, ON <\/div>\n\t\t\t\t\t\t\t\t<\/div>\n\t\t\t\t\t\t\t\t\t\t\t\t\t\t\t\t\t<div role=\"none\" tabindex=\"0\" class=\"single-location-pin headquarter pin_2\">\n\t\t\t\t\t\t\t\t\t<svg role=\"none\" xmlns=\"http:\/\/www.w3.org\/2000\/svg\" width=\"38\" height=\"38\"\n\t\t\t\t\t\t\t\t\t\tviewBox=\"0 0 38 38\" fill=\"none\">\n\t\t\t\t\t\t\t\t\t\t<path fill-rule=\"evenodd\" clip-rule=\"evenodd\"\n\t\t\t\t\t\t\t\t\t\t\td=\"M19 36.6C28.7202 36.6 36.6 28.7202 36.6 19C36.6 9.27979 28.7202 1.4 19 1.4C9.27979 1.4 1.4 9.27979 1.4 19C1.4 28.7202 9.27979 36.6 19 36.6ZM19 38C29.4934 38 38 29.4934 38 19C38 8.50659 29.4934 0 19 0C8.50659 0 0 8.50659 0 19C0 29.4934 8.50659 38 19 38Z\"\n\t\t\t\t\t\t\t\t\t\t\tfill=\"transparent\" \/>\n\t\t\t\t\t\t\t\t\t\t<path d=\"M19 5.5L16 15H6.5L14 21L11 30L19 24.5L27 30L24 21L32 15H22L19 5.5Z\"\n\t\t\t\t\t\t\t\t\t\t\tfill=\"#C4C7CA\" \/>\n\t\t\t\t\t\t\t\t\t<\/svg>\n\t\t\t\t\t\t\t\t\t<div class=\"tooltip-text\">Monterrey Nuevo Leon, Mexico<\/div>\n\t\t\t\t\t\t\t\t<\/div>\n\t\t\t\t\t\t\t\t\t\t\t\t\t\t\t\t\t\t\t\t\t\t\t<div role=\"none\" tabindex=\"0\" class=\"single-location-pin  pin_4\">\n\t\t\t\t\t\t\t\t\t<svg role=\"none\" xmlns=\"http:\/\/www.w3.org\/2000\/svg\" width=\"31\" height=\"31\"\n\t\t\t\t\t\t\t\t\t\tviewBox=\"0 0 31 31\" fill=\"none\">\n\t\t\t\t\t\t\t\t\t\t<circle cx=\"15.5\" cy=\"15.5\" r=\"15\" stroke=\"transparent\" \/>\n\t\t\t\t\t\t\t\t\t\t<circle cx=\"15.5\" cy=\"15.5\" r=\"7.5\" fill=\"#C4C7CA\" \/>\n\t\t\t\t\t\t\t\t\t<\/svg>\n\t\t\t\t\t\t\t\t\t<div class=\"tooltip-text\">Monterrey Nuevo Leon, Mexico<\/div>\n\t\t\t\t\t\t\t\t<\/div>\n\t\t\t\t\t\t\t\t\t\t\t\t\t\t\t\t\t<div role=\"none\" tabindex=\"0\" class=\"single-location-pin  pin_5\">\n\t\t\t\t\t\t\t\t\t<svg role=\"none\" xmlns=\"http:\/\/www.w3.org\/2000\/svg\" width=\"31\" height=\"31\"\n\t\t\t\t\t\t\t\t\t\tviewBox=\"0 0 31 31\" fill=\"none\">\n\t\t\t\t\t\t\t\t\t\t<circle cx=\"15.5\" cy=\"15.5\" r=\"15\" stroke=\"transparent\" \/>\n\t\t\t\t\t\t\t\t\t\t<circle cx=\"15.5\" cy=\"15.5\" r=\"7.5\" fill=\"#C4C7CA\" \/>\n\t\t\t\t\t\t\t\t\t<\/svg>\n\t\t\t\t\t\t\t\t\t<div class=\"tooltip-text\">Not Sure <\/div>\n\t\t\t\t\t\t\t\t<\/div>\n\t\t\t\t\t\t\t\t\t\t\t\t\t\t\t\t\t<div role=\"none\" tabindex=\"0\" class=\"single-location-pin  pin_6\">\n\t\t\t\t\t\t\t\t\t<svg role=\"none\" xmlns=\"http:\/\/www.w3.org\/2000\/svg\" width=\"31\" height=\"31\"\n\t\t\t\t\t\t\t\t\t\tviewBox=\"0 0 31 31\" fill=\"none\">\n\t\t\t\t\t\t\t\t\t\t<circle cx=\"15.5\" cy=\"15.5\" r=\"15\" stroke=\"transparent\" \/>\n\t\t\t\t\t\t\t\t\t\t<circle cx=\"15.5\" cy=\"15.5\" r=\"7.5\" fill=\"#C4C7CA\" \/>\n\t\t\t\t\t\t\t\t\t<\/svg>\n\t\t\t\t\t\t\t\t\t<div class=\"tooltip-text\">Demo<\/div>\n\t\t\t\t\t\t\t\t<\/div>\n\t\t\t\t\t\t\t\t\t\t\t\t\t\t\t\t\t<div role=\"none\" tabindex=\"0\" class=\"single-location-pin  pin_7\">\n\t\t\t\t\t\t\t\t\t<svg role=\"none\" xmlns=\"http:\/\/www.w3.org\/2000\/svg\" width=\"31\" height=\"31\"\n\t\t\t\t\t\t\t\t\t\tviewBox=\"0 0 31 31\" fill=\"none\">\n\t\t\t\t\t\t\t\t\t\t<circle cx=\"15.5\" cy=\"15.5\" r=\"15\" stroke=\"transparent\" \/>\n\t\t\t\t\t\t\t\t\t\t<circle cx=\"15.5\" cy=\"15.5\" r=\"7.5\" fill=\"#C4C7CA\" \/>\n\t\t\t\t\t\t\t\t\t<\/svg>\n\t\t\t\t\t\t\t\t\t<div class=\"tooltip-text\">Which Name is this <\/div>\n\t\t\t\t\t\t\t\t<\/div>\n\t\t\t\t\t\t\t\t\t\t\t\t\t\t\t\t\t<div role=\"none\" tabindex=\"0\" class=\"single-location-pin  pin_8\">\n\t\t\t\t\t\t\t\t\t<svg role=\"none\" xmlns=\"http:\/\/www.w3.org\/2000\/svg\" width=\"31\" height=\"31\"\n\t\t\t\t\t\t\t\t\t\tviewBox=\"0 0 31 31\" fill=\"none\">\n\t\t\t\t\t\t\t\t\t\t<circle cx=\"15.5\" cy=\"15.5\" r=\"15\" stroke=\"transparent\" \/>\n\t\t\t\t\t\t\t\t\t\t<circle cx=\"15.5\" cy=\"15.5\" r=\"7.5\" fill=\"#C4C7CA\" \/>\n\t\t\t\t\t\t\t\t\t<\/svg>\n\t\t\t\t\t\t\t\t\t<div class=\"tooltip-text\">Pending<\/div>\n\t\t\t\t\t\t\t\t<\/div>\n\t\t\t\t\t\t\t\t\t\t\t\t\t\t<\/div>\n\t\t\t\t<\/div>\n\t\t\t\t\t\t<div class=\"map-content\">\n\t\t\t\t<div class=\"map-content-inner\">\n\t\t\t\t\t\t\t\t\t\t\t<div class=\"kicker\">Bureau couvrant <\/div>\n\t\t\t\t\t\t\t\t\t\t\t\t\t\t\t\t<h2 class=\"heading-2\">Am\u00e9rique du Nord<\/h2>\t\t\t\t\t\t\t\t\t\t\t\t\t\t\t\t<a href='https:\/\/www.traffix.com\/fr\/contact' title='Contactez-nous ' role='button' class='gl-button'aria-label=\"Contactez-nous \">Contactez-nous <\/a>\t\t\t\t\t\t\t\t\t<\/div>\n\t\t\t<\/div>\n\t\t<\/div>\n\t\t\t<div class='gl-s80'><\/div><\/div><\/div><\/section>\n","protected":false},"excerpt":{"rendered":"","protected":false},"author":2,"featured_media":0,"parent":0,"menu_order":20,"comment_status":"closed","ping_status":"closed","template":"","meta":{"_acf_changed":true,"_uag_custom_page_level_css":"","footnotes":""},"class_list":["post-878","page","type-page","status-publish","hentry"],"acf":[],"yoast_head":"<!-- This site is optimized with the Yoast SEO plugin v27.4 - https:\/\/yoast.com\/product\/yoast-seo-wordpress\/ -->\n<title>Demandez \u00e0 un expert TRAFFIX comment optimiser votre cha\u00eene d&#039;approvisionnement<\/title>\n<meta name=\"description\" content=\"L&#039;\u00e9quipe d&#039;experts en transport de TRAFFIX est votre guide pour une transformation totale de la cha\u00eene d&#039;approvisionnement. Lancez-vous d\u00e8s aujourd&#039;hui !\" \/>\n<meta name=\"robots\" content=\"index, follow, max-snippet:-1, max-image-preview:large, max-video-preview:-1\" \/>\n<link rel=\"canonical\" href=\"https:\/\/www.traffix.com\/fr\/connect-with-an-expert\" \/>\n<meta property=\"og:locale\" content=\"fr_FR\" \/>\n<meta property=\"og:type\" content=\"article\" \/>\n<meta property=\"og:title\" content=\"Demandez \u00e0 un expert TRAFFIX comment optimiser votre cha\u00eene d&#039;approvisionnement\" \/>\n<meta property=\"og:description\" content=\"L&#039;\u00e9quipe d&#039;experts en transport de TRAFFIX est votre guide pour une transformation totale de la cha\u00eene d&#039;approvisionnement. Lancez-vous d\u00e8s aujourd&#039;hui !\" \/>\n<meta property=\"og:url\" content=\"https:\/\/www.traffix.com\/fr\/connect-with-an-expert\" \/>\n<meta property=\"og:site_name\" content=\"TRAFFIX\" \/>\n<meta property=\"article:publisher\" content=\"https:\/\/www.facebook.com\/pages\/Traffix\/346990412090577\" \/>\n<meta property=\"article:modified_time\" content=\"2024-11-14T16:30:30+00:00\" \/>\n<meta name=\"twitter:card\" content=\"summary_large_image\" \/>\n<meta name=\"twitter:site\" content=\"@traffix1979\" \/>\n<!-- \/ Yoast SEO plugin. -->","yoast_head_json":{"title":"Demandez \u00e0 un expert TRAFFIX comment optimiser votre cha\u00eene d'approvisionnement","description":"L'\u00e9quipe d'experts en transport de TRAFFIX est votre guide pour une transformation totale de la cha\u00eene d'approvisionnement. Lancez-vous d\u00e8s aujourd'hui !","robots":{"index":"index","follow":"follow","max-snippet":"max-snippet:-1","max-image-preview":"max-image-preview:large","max-video-preview":"max-video-preview:-1"},"canonical":"https:\/\/www.traffix.com\/fr\/connect-with-an-expert","og_locale":"fr_FR","og_type":"article","og_title":"Demandez \u00e0 un expert TRAFFIX comment optimiser votre cha\u00eene d'approvisionnement","og_description":"L'\u00e9quipe d'experts en transport de TRAFFIX est votre guide pour une transformation totale de la cha\u00eene d'approvisionnement. Lancez-vous d\u00e8s aujourd'hui !","og_url":"https:\/\/www.traffix.com\/fr\/connect-with-an-expert","og_site_name":"TRAFFIX","article_publisher":"https:\/\/www.facebook.com\/pages\/Traffix\/346990412090577","article_modified_time":"2024-11-14T16:30:30+00:00","twitter_card":"summary_large_image","twitter_site":"@traffix1979","schema":{"@context":"https:\/\/schema.org","@graph":[{"@type":"WebPage","@id":"https:\/\/www.traffix.com\/fr\/connect-with-an-expert","url":"https:\/\/www.traffix.com\/fr\/connect-with-an-expert","name":"Demandez \u00e0 un expert TRAFFIX comment optimiser votre cha\u00eene d'approvisionnement","isPartOf":{"@id":"https:\/\/www.traffix.com\/fr#website"},"datePublished":"2024-05-02T12:03:40+00:00","dateModified":"2024-11-14T16:30:30+00:00","description":"L'\u00e9quipe d'experts en transport de TRAFFIX est votre guide pour une transformation totale de la cha\u00eene d'approvisionnement. Lancez-vous d\u00e8s aujourd'hui !","breadcrumb":{"@id":"https:\/\/www.traffix.com\/fr\/connect-with-an-expert#breadcrumb"},"inLanguage":"fr-FR","potentialAction":[{"@type":"ReadAction","target":["https:\/\/www.traffix.com\/fr\/connect-with-an-expert"]}]},{"@type":"BreadcrumbList","@id":"https:\/\/www.traffix.com\/fr\/connect-with-an-expert#breadcrumb","itemListElement":[{"@type":"ListItem","position":1,"name":"Home","item":"https:\/\/www.traffix.com\/fr"},{"@type":"ListItem","position":2,"name":"Parlez \u00e0 un expert"}]},{"@type":"WebSite","@id":"https:\/\/www.traffix.com\/fr#website","url":"https:\/\/www.traffix.com\/fr","name":"TRAFFIX","description":"North America&#039;s Leading Third-Party Logistics Specialist","potentialAction":[{"@type":"SearchAction","target":{"@type":"EntryPoint","urlTemplate":"https:\/\/www.traffix.com\/fr?s={search_term_string}"},"query-input":{"@type":"PropertyValueSpecification","valueRequired":true,"valueName":"search_term_string"}}],"inLanguage":"fr-FR"}]}},"uagb_featured_image_src":{"full":false,"thumbnail":false,"medium":false,"medium_large":false,"large":false,"1536x1536":false,"2048x2048":false,"post-thumbnail":false,"admin-square":false,"admin-landscape":false,"admin-portrait":false,"thumb_2000":false,"thumb_1600":false,"thumb_1400":false,"thumb_1200":false,"thumb_1000":false,"thumb_900":false,"thumb_800":false,"thumb_700":false,"thumb_600":false,"thumb_500":false,"thumb_400":false,"thumb_300":false,"thumb_200":false,"thumb_100":false,"gform-image-choice-sm":false,"gform-image-choice-md":false,"gform-image-choice-lg":false},"uagb_author_info":{"display_name":"GLIDE Support","author_link":"https:\/\/www.traffix.com\/fr\/author\/supportglidedesign-com"},"uagb_comment_info":0,"uagb_excerpt":null,"_links":{"self":[{"href":"https:\/\/www.traffix.com\/fr\/wp-json\/wp\/v2\/pages\/878","targetHints":{"allow":["GET"]}}],"collection":[{"href":"https:\/\/www.traffix.com\/fr\/wp-json\/wp\/v2\/pages"}],"about":[{"href":"https:\/\/www.traffix.com\/fr\/wp-json\/wp\/v2\/types\/page"}],"author":[{"embeddable":true,"href":"https:\/\/www.traffix.com\/fr\/wp-json\/wp\/v2\/users\/2"}],"replies":[{"embeddable":true,"href":"https:\/\/www.traffix.com\/fr\/wp-json\/wp\/v2\/comments?post=878"}],"version-history":[{"count":0,"href":"https:\/\/www.traffix.com\/fr\/wp-json\/wp\/v2\/pages\/878\/revisions"}],"wp:attachment":[{"href":"https:\/\/www.traffix.com\/fr\/wp-json\/wp\/v2\/media?parent=878"}],"curies":[{"name":"wp","href":"https:\/\/api.w.org\/{rel}","templated":true}]}}