{"id":904,"date":"2024-05-02T11:58:49","date_gmt":"2024-05-02T15:58:49","guid":{"rendered":"https:\/\/www.traffix.com\/resources\/"},"modified":"2024-11-14T16:33:36","modified_gmt":"2024-11-14T16:33:36","slug":"resources","status":"publish","type":"page","link":"https:\/\/www.traffix.com\/fr\/resources","title":{"rendered":"Ressources"},"content":{"rendered":"","protected":false},"excerpt":{"rendered":"","protected":false},"author":1,"featured_media":0,"parent":0,"menu_order":10,"comment_status":"closed","ping_status":"closed","template":"templates\/template-blog.php","meta":{"_acf_changed":false,"_uag_custom_page_level_css":"","footnotes":""},"class_list":["post-904","page","type-page","status-publish","hentry"],"acf":[],"yoast_head":"<!-- This site is optimized with the Yoast SEO plugin v27.2 - https:\/\/yoast.com\/product\/yoast-seo-wordpress\/ -->\n<title>Ressources TRAFFIX - Articles, guides, livres blancs et plus encore<\/title>\n<meta name=\"description\" content=\"Explorez la biblioth\u00e8que compl\u00e8te d&#039;articles, de guides, de livres blancs, d&#039;\u00e9tudes de cas et bien plus encore ! Abonnez-vous d\u00e8s aujourd&#039;hui !\" \/>\n<meta name=\"robots\" content=\"index, follow, max-snippet:-1, max-image-preview:large, max-video-preview:-1\" \/>\n<link rel=\"canonical\" href=\"https:\/\/www.traffix.com\/fr\/resources\" \/>\n<meta property=\"og:locale\" content=\"fr_FR\" \/>\n<meta property=\"og:type\" content=\"article\" \/>\n<meta property=\"og:title\" content=\"Ressources TRAFFIX - Articles, guides, livres blancs et plus encore\" \/>\n<meta property=\"og:description\" content=\"Explorez la biblioth\u00e8que compl\u00e8te d&#039;articles, de guides, de livres blancs, d&#039;\u00e9tudes de cas et bien plus encore ! Abonnez-vous d\u00e8s aujourd&#039;hui !\" \/>\n<meta property=\"og:url\" content=\"https:\/\/www.traffix.com\/fr\/resources\" \/>\n<meta property=\"og:site_name\" content=\"TRAFFIX\" \/>\n<meta property=\"article:publisher\" content=\"https:\/\/www.facebook.com\/pages\/Traffix\/346990412090577\" \/>\n<meta property=\"article:modified_time\" content=\"2024-11-14T16:33:36+00:00\" \/>\n<meta name=\"twitter:card\" content=\"summary_large_image\" \/>\n<meta name=\"twitter:site\" content=\"@traffix1979\" \/>\n<!-- \/ Yoast SEO plugin. -->","yoast_head_json":{"title":"Ressources TRAFFIX - Articles, guides, livres blancs et plus encore","description":"Explorez la biblioth\u00e8que compl\u00e8te d'articles, de guides, de livres blancs, d'\u00e9tudes de cas et bien plus encore ! Abonnez-vous d\u00e8s aujourd'hui !","robots":{"index":"index","follow":"follow","max-snippet":"max-snippet:-1","max-image-preview":"max-image-preview:large","max-video-preview":"max-video-preview:-1"},"canonical":"https:\/\/www.traffix.com\/fr\/resources","og_locale":"fr_FR","og_type":"article","og_title":"Ressources TRAFFIX - Articles, guides, livres blancs et plus encore","og_description":"Explorez la biblioth\u00e8que compl\u00e8te d'articles, de guides, de livres blancs, d'\u00e9tudes de cas et bien plus encore ! Abonnez-vous d\u00e8s aujourd'hui !","og_url":"https:\/\/www.traffix.com\/fr\/resources","og_site_name":"TRAFFIX","article_publisher":"https:\/\/www.facebook.com\/pages\/Traffix\/346990412090577","article_modified_time":"2024-11-14T16:33:36+00:00","twitter_card":"summary_large_image","twitter_site":"@traffix1979","schema":{"@context":"https:\/\/schema.org","@graph":[{"@type":"WebPage","@id":"https:\/\/www.traffix.com\/fr\/resources","url":"https:\/\/www.traffix.com\/fr\/resources","name":"Ressources TRAFFIX - Articles, guides, livres blancs et plus encore","isPartOf":{"@id":"https:\/\/www.traffix.com\/fr#website"},"datePublished":"2024-05-02T15:58:49+00:00","dateModified":"2024-11-14T16:33:36+00:00","description":"Explorez la biblioth\u00e8que compl\u00e8te d'articles, de guides, de livres blancs, d'\u00e9tudes de cas et bien plus encore ! Abonnez-vous d\u00e8s aujourd'hui !","breadcrumb":{"@id":"https:\/\/www.traffix.com\/fr\/resources#breadcrumb"},"inLanguage":"fr-FR","potentialAction":[{"@type":"ReadAction","target":["https:\/\/www.traffix.com\/fr\/resources"]}]},{"@type":"BreadcrumbList","@id":"https:\/\/www.traffix.com\/fr\/resources#breadcrumb","itemListElement":[{"@type":"ListItem","position":1,"name":"Home","item":"https:\/\/www.traffix.com\/fr"},{"@type":"ListItem","position":2,"name":"Ressources"}]},{"@type":"WebSite","@id":"https:\/\/www.traffix.com\/fr#website","url":"https:\/\/www.traffix.com\/fr","name":"TRAFFIX","description":"North America&#039;s Leading Third-Party Logistics Specialist","potentialAction":[{"@type":"SearchAction","target":{"@type":"EntryPoint","urlTemplate":"https:\/\/www.traffix.com\/fr?s={search_term_string}"},"query-input":{"@type":"PropertyValueSpecification","valueRequired":true,"valueName":"search_term_string"}}],"inLanguage":"fr-FR"}]}},"uagb_featured_image_src":{"full":false,"thumbnail":false,"medium":false,"medium_large":false,"large":false,"1536x1536":false,"2048x2048":false,"post-thumbnail":false,"admin-square":false,"admin-landscape":false,"admin-portrait":false,"thumb_2000":false,"thumb_1600":false,"thumb_1400":false,"thumb_1200":false,"thumb_1000":false,"thumb_900":false,"thumb_800":false,"thumb_700":false,"thumb_600":false,"thumb_500":false,"thumb_400":false,"thumb_300":false,"thumb_200":false,"thumb_100":false,"gform-image-choice-sm":false,"gform-image-choice-md":false,"gform-image-choice-lg":false},"uagb_author_info":{"display_name":"traffix","author_link":"https:\/\/www.traffix.com\/fr\/author\/traffix"},"uagb_comment_info":0,"uagb_excerpt":null,"_links":{"self":[{"href":"https:\/\/www.traffix.com\/fr\/wp-json\/wp\/v2\/pages\/904","targetHints":{"allow":["GET"]}}],"collection":[{"href":"https:\/\/www.traffix.com\/fr\/wp-json\/wp\/v2\/pages"}],"about":[{"href":"https:\/\/www.traffix.com\/fr\/wp-json\/wp\/v2\/types\/page"}],"author":[{"embeddable":true,"href":"https:\/\/www.traffix.com\/fr\/wp-json\/wp\/v2\/users\/1"}],"replies":[{"embeddable":true,"href":"https:\/\/www.traffix.com\/fr\/wp-json\/wp\/v2\/comments?post=904"}],"version-history":[{"count":0,"href":"https:\/\/www.traffix.com\/fr\/wp-json\/wp\/v2\/pages\/904\/revisions"}],"wp:attachment":[{"href":"https:\/\/www.traffix.com\/fr\/wp-json\/wp\/v2\/media?parent=904"}],"curies":[{"name":"wp","href":"https:\/\/api.w.org\/{rel}","templated":true}]}}