{"id":908,"date":"2024-05-02T12:04:20","date_gmt":"2024-05-02T16:04:20","guid":{"rendered":"https:\/\/www.traffix.com\/site-map\/"},"modified":"2025-07-03T02:57:03","modified_gmt":"2025-07-03T06:57:03","slug":"site-map","status":"publish","type":"page","link":"https:\/\/www.traffix.com\/fr\/site-map","title":{"rendered":"Plan du site"},"content":{"rendered":"\n<section class=\" ctn   \"><div class=\"wrapper\"><div id=\"block-hero-image-alongside-text-block_b6b7223aecb8beda55a560298ab1b30b\" class=\"  block-acf-hero-image-alongside-text block-acf-hero-image-alongside-text\" style=\"\"> <div class='s-0'><\/div>\t\t<div id=\"hero-section\" class=\"hero-section hero-section-default\">\n\t\t\t<div class=\"hero-layer-top\"><\/div>\n\t\t\t<div class=\"hero-layer-bottom\"><\/div>\n\t\t\t<div class=\"hero-default\">\n\t\t\t\t<div class=\"wrapper\">\n\t\t\t\t\t<div class=\"hero-default-content\">\n\t\t\t\t\t\t\t\t\t\t\t\t\t<h1 class=\"heading-1\">Plan du site<\/h1>\t\t\t\t\t\t\t\t\t\t\t\t\t\t\t\t\t<\/div>\n\t\t\t\t<\/div>\n\t\t\t<\/div>\n\t\t\t\t\t<\/div>\n\t\t<div class='s-0'><\/div><\/div><\/div><\/section>\n\n\n\n<section class=\" ctn-640   \"><div class=\"wrapper\">\n<div class=\"wsp-container\"><h2 class=\"wsp-pages-title\">Pages<\/h2>\n<ul class=\"wsp-pages-list\">\n<li class=\"page_item page-item-2430\"><a href=\"https:\/\/www.traffix.com\/fr\">Maison<\/a><\/li>\n<li class=\"page_item page-item-906\"><a href=\"https:\/\/www.traffix.com\/fr\/shippers\">Exp\u00e9diteurs<\/a><\/li>\n<li class=\"page_item page-item-3544\"><a href=\"https:\/\/www.traffix.com\/fr\/ship-with-traffix\">Exp\u00e9diez avec TRAFFIX<\/a><\/li>\n<li class=\"page_item page-item-874\"><a href=\"https:\/\/www.traffix.com\/fr\/carriers\">Transporteurs<\/a><\/li>\n<li class=\"page_item page-item-3621\"><a href=\"https:\/\/www.traffix.com\/fr\/become-a-carrier\">Devenir transporteur<\/a><\/li>\n<li class=\"page_item page-item-910\"><a href=\"https:\/\/www.traffix.com\/fr\/solutions\">Solutions<\/a><\/li>\n<li class=\"page_item page-item-868\"><a href=\"https:\/\/www.traffix.com\/fr\/careers\">Carri\u00e8res<\/a><\/li>\n<li class=\"page_item page-item-904\"><a href=\"https:\/\/www.traffix.com\/fr\/resources\">Ressources<\/a><\/li>\n<li class=\"page_item page-item-2427\"><a href=\"https:\/\/www.traffix.com\/fr\/ask-an-expert\">Demandez \u00e0 un expert<\/a><\/li>\n<li class=\"page_item page-item-876\"><a href=\"https:\/\/www.traffix.com\/fr\/company\">Entreprise<\/a><\/li>\n<li class=\"page_item page-item-880\"><a href=\"https:\/\/www.traffix.com\/fr\/contact\">Contact<\/a><\/li>\n<\/ul>\n<h2 class=\"wsp-servicess-title\">Services<\/h2>\n<ul class=\"wsp-servicess-list\">\n<li><a href=\"https:\/\/www.traffix.com\/fr\/services\/services-ftl-fr\">Chargement complet (FTL)<\/a><\/li>\n<li><a href=\"https:\/\/www.traffix.com\/fr\/services\/services-ltl-fr\">Chargement partiel (LTL)<\/a><\/li>\n<li><a href=\"https:\/\/www.traffix.com\/fr\/services\/services-warehousing-fr\">Entreposage<\/a><\/li>\n<li><a href=\"https:\/\/www.traffix.com\/fr\/services\/services-intermodal-fr\">Intermodal<\/a><\/li>\n<li><a href=\"https:\/\/www.traffix.com\/fr\/services\/services-flatbed-fr\">Plateau<\/a><\/li>\n<li><a href=\"https:\/\/www.traffix.com\/fr\/services\/services-produce-fr\">Produits frais<\/a><\/li>\n<li><a href=\"https:\/\/www.traffix.com\/fr\/services\/services-temperature-controlled-fr\">Temp\u00e9rature contr\u00f4l\u00e9e<\/a><\/li>\n<li><a href=\"https:\/\/www.traffix.com\/fr\/services\/services-canada-us-cross-border-fr\">Transfrontalier Canada\u2013\u00c9tats-Unis<\/a><\/li>\n<li><a href=\"https:\/\/www.traffix.com\/fr\/services\/services-mexico-cross-border-fr\">Transfrontalier Mexique<\/a><\/li>\n<li><a href=\"https:\/\/www.traffix.com\/fr\/services\/services-drayage-fr\">Transport de courte distance<\/a><\/li>\n<li><a href=\"https:\/\/www.traffix.com\/fr\/services\/services-expedited-fr\">Transport express<\/a><\/li>\n<li><a href=\"https:\/\/www.traffix.com\/fr\/services\/services-managed-transportation-fr\">Transport g\u00e9r\u00e9<\/a><\/li>\n<\/ul>\n<\/div>\n\n\n\n<h2 class=\"wp-block-heading has-font-size-3-font-size\">Informations l\u00e9gales<\/h2>\n\n\n\n<ul class=\"wp-block-list\">\n<li><a href=\"https:\/\/www.traffix.com\/fr\/legal\">Juridique<\/a><\/li>\n\n\n\n<li><a href=\"https:\/\/www.traffix.com\/fr\/privacy-policy\">Politique de confidentialit\u00e9<\/a><\/li>\n\n\n\n<li><a href=\"https:\/\/www.traffix.com\/web-terms-conditions\">Conditions G\u00e9n\u00e9rales d&#8217;Utilisation du Site Web<\/a><\/li>\n\n\n\n<li><a href=\"https:\/\/www.traffix.com\/terms-conditions-ca\">Conditions de Service &#8211; CA<\/a><\/li>\n\n\n\n<li><a href=\"https:\/\/www.traffix.com\/terms-conditions-mx\">Conditions de Service &#8211; MX<\/a><\/li>\n\n\n\n<li><a href=\"https:\/\/www.traffix.com\/terms-conditions\">Conditions de Service &#8211; US<\/a><\/li>\n<\/ul>\n<\/div><\/section>\n\n\n\n<div style=\"height:var(--wp--preset--spacing--160-pixels)\" aria-hidden=\"true\" class=\"wp-block-spacer\"><\/div>\n","protected":false},"excerpt":{"rendered":"","protected":false},"author":2,"featured_media":0,"parent":0,"menu_order":19,"comment_status":"closed","ping_status":"closed","template":"","meta":{"_acf_changed":false,"_uag_custom_page_level_css":"","footnotes":""},"class_list":["post-908","page","type-page","status-publish","hentry"],"acf":[],"yoast_head":"<!-- This site is optimized with the Yoast SEO plugin v27.2 - https:\/\/yoast.com\/product\/yoast-seo-wordpress\/ -->\n<title>Plan du site TRAFFIX - Parcourir toutes les pages en un seul clic<\/title>\n<meta name=\"description\" content=\"Vous vous sentez perdu ? Explorez le plan du site de TRAFFIX maintenant et trouvez toutes les pages de notre site Web en un seul clic. Naviguez maintenant.\" \/>\n<meta name=\"robots\" content=\"index, follow, max-snippet:-1, max-image-preview:large, max-video-preview:-1\" \/>\n<link rel=\"canonical\" href=\"https:\/\/www.traffix.com\/fr\/site-map\" \/>\n<meta property=\"og:locale\" content=\"fr_FR\" \/>\n<meta property=\"og:type\" content=\"article\" \/>\n<meta property=\"og:title\" content=\"Plan du site TRAFFIX - Parcourir toutes les pages en un seul clic\" \/>\n<meta property=\"og:description\" content=\"Vous vous sentez perdu ? Explorez le plan du site de TRAFFIX maintenant et trouvez toutes les pages de notre site Web en un seul clic. Naviguez maintenant.\" \/>\n<meta property=\"og:url\" content=\"https:\/\/www.traffix.com\/fr\/site-map\" \/>\n<meta property=\"og:site_name\" content=\"TRAFFIX\" \/>\n<meta property=\"article:publisher\" content=\"https:\/\/www.facebook.com\/pages\/Traffix\/346990412090577\" \/>\n<meta property=\"article:modified_time\" content=\"2025-07-03T06:57:03+00:00\" \/>\n<meta name=\"twitter:card\" content=\"summary_large_image\" \/>\n<meta name=\"twitter:site\" content=\"@traffix1979\" \/>\n<!-- \/ Yoast SEO plugin. -->","yoast_head_json":{"title":"Plan du site TRAFFIX - Parcourir toutes les pages en un seul clic","description":"Vous vous sentez perdu ? Explorez le plan du site de TRAFFIX maintenant et trouvez toutes les pages de notre site Web en un seul clic. Naviguez maintenant.","robots":{"index":"index","follow":"follow","max-snippet":"max-snippet:-1","max-image-preview":"max-image-preview:large","max-video-preview":"max-video-preview:-1"},"canonical":"https:\/\/www.traffix.com\/fr\/site-map","og_locale":"fr_FR","og_type":"article","og_title":"Plan du site TRAFFIX - Parcourir toutes les pages en un seul clic","og_description":"Vous vous sentez perdu ? Explorez le plan du site de TRAFFIX maintenant et trouvez toutes les pages de notre site Web en un seul clic. Naviguez maintenant.","og_url":"https:\/\/www.traffix.com\/fr\/site-map","og_site_name":"TRAFFIX","article_publisher":"https:\/\/www.facebook.com\/pages\/Traffix\/346990412090577","article_modified_time":"2025-07-03T06:57:03+00:00","twitter_card":"summary_large_image","twitter_site":"@traffix1979","schema":{"@context":"https:\/\/schema.org","@graph":[{"@type":"WebPage","@id":"https:\/\/www.traffix.com\/fr\/site-map","url":"https:\/\/www.traffix.com\/fr\/site-map","name":"Plan du site TRAFFIX - Parcourir toutes les pages en un seul clic","isPartOf":{"@id":"https:\/\/www.traffix.com\/fr#website"},"datePublished":"2024-05-02T16:04:20+00:00","dateModified":"2025-07-03T06:57:03+00:00","description":"Vous vous sentez perdu ? Explorez le plan du site de TRAFFIX maintenant et trouvez toutes les pages de notre site Web en un seul clic. Naviguez maintenant.","breadcrumb":{"@id":"https:\/\/www.traffix.com\/fr\/site-map#breadcrumb"},"inLanguage":"fr-FR","potentialAction":[{"@type":"ReadAction","target":["https:\/\/www.traffix.com\/fr\/site-map"]}]},{"@type":"BreadcrumbList","@id":"https:\/\/www.traffix.com\/fr\/site-map#breadcrumb","itemListElement":[{"@type":"ListItem","position":1,"name":"Home","item":"https:\/\/www.traffix.com\/fr"},{"@type":"ListItem","position":2,"name":"Plan du site"}]},{"@type":"WebSite","@id":"https:\/\/www.traffix.com\/fr#website","url":"https:\/\/www.traffix.com\/fr","name":"TRAFFIX","description":"North America&#039;s Leading Third-Party Logistics Specialist","potentialAction":[{"@type":"SearchAction","target":{"@type":"EntryPoint","urlTemplate":"https:\/\/www.traffix.com\/fr?s={search_term_string}"},"query-input":{"@type":"PropertyValueSpecification","valueRequired":true,"valueName":"search_term_string"}}],"inLanguage":"fr-FR"}]}},"uagb_featured_image_src":{"full":false,"thumbnail":false,"medium":false,"medium_large":false,"large":false,"1536x1536":false,"2048x2048":false,"post-thumbnail":false,"admin-square":false,"admin-landscape":false,"admin-portrait":false,"thumb_2000":false,"thumb_1600":false,"thumb_1400":false,"thumb_1200":false,"thumb_1000":false,"thumb_900":false,"thumb_800":false,"thumb_700":false,"thumb_600":false,"thumb_500":false,"thumb_400":false,"thumb_300":false,"thumb_200":false,"thumb_100":false,"gform-image-choice-sm":false,"gform-image-choice-md":false,"gform-image-choice-lg":false},"uagb_author_info":{"display_name":"GLIDE Support","author_link":"https:\/\/www.traffix.com\/fr\/author\/supportglidedesign-com"},"uagb_comment_info":0,"uagb_excerpt":null,"_links":{"self":[{"href":"https:\/\/www.traffix.com\/fr\/wp-json\/wp\/v2\/pages\/908","targetHints":{"allow":["GET"]}}],"collection":[{"href":"https:\/\/www.traffix.com\/fr\/wp-json\/wp\/v2\/pages"}],"about":[{"href":"https:\/\/www.traffix.com\/fr\/wp-json\/wp\/v2\/types\/page"}],"author":[{"embeddable":true,"href":"https:\/\/www.traffix.com\/fr\/wp-json\/wp\/v2\/users\/2"}],"replies":[{"embeddable":true,"href":"https:\/\/www.traffix.com\/fr\/wp-json\/wp\/v2\/comments?post=908"}],"version-history":[{"count":0,"href":"https:\/\/www.traffix.com\/fr\/wp-json\/wp\/v2\/pages\/908\/revisions"}],"wp:attachment":[{"href":"https:\/\/www.traffix.com\/fr\/wp-json\/wp\/v2\/media?parent=908"}],"curies":[{"name":"wp","href":"https:\/\/api.w.org\/{rel}","templated":true}]}}