{"id":910,"date":"2024-05-02T11:59:18","date_gmt":"2024-05-02T11:59:18","guid":{"rendered":"https:\/\/www.traffix.com\/solutions\/"},"modified":"2024-11-14T16:37:58","modified_gmt":"2024-11-14T16:37:58","slug":"solutions","status":"publish","type":"page","link":"https:\/\/www.traffix.com\/fr\/solutions","title":{"rendered":"Solutions"},"content":{"rendered":"","protected":false},"excerpt":{"rendered":"","protected":false},"author":1,"featured_media":0,"parent":0,"menu_order":8,"comment_status":"closed","ping_status":"closed","template":"templates\/template-solutions.php","meta":{"_acf_changed":true,"_uag_custom_page_level_css":"","footnotes":""},"class_list":["post-910","page","type-page","status-publish","hentry"],"acf":[],"yoast_head":"<!-- This site is optimized with the Yoast SEO plugin v27.2 - https:\/\/yoast.com\/product\/yoast-seo-wordpress\/ -->\n<title>Solutions logistiques de TRAFFIX - sur mesure pour votre entreprise<\/title>\n<meta name=\"description\" content=\"Explorez les solutions logistiques compl\u00e8tes de TRAFFIX, adapt\u00e9es aux besoins de votre entreprise. Optimisez votre cha\u00eene d&#039;approvisionnement. Parlez \u00e0 un expert d\u00e8s aujourd&#039;hui.\" \/>\n<meta name=\"robots\" content=\"index, follow, max-snippet:-1, max-image-preview:large, max-video-preview:-1\" \/>\n<link rel=\"canonical\" href=\"https:\/\/www.traffix.com\/fr\/solutions\" \/>\n<meta property=\"og:locale\" content=\"fr_FR\" \/>\n<meta property=\"og:type\" content=\"article\" \/>\n<meta property=\"og:title\" content=\"Solutions logistiques de TRAFFIX - sur mesure pour votre entreprise\" \/>\n<meta property=\"og:description\" content=\"Explorez les solutions logistiques compl\u00e8tes de TRAFFIX, adapt\u00e9es aux besoins de votre entreprise. Optimisez votre cha\u00eene d&#039;approvisionnement. Parlez \u00e0 un expert d\u00e8s aujourd&#039;hui.\" \/>\n<meta property=\"og:url\" content=\"https:\/\/www.traffix.com\/fr\/solutions\" \/>\n<meta property=\"og:site_name\" content=\"TRAFFIX\" \/>\n<meta property=\"article:publisher\" content=\"https:\/\/www.facebook.com\/pages\/Traffix\/346990412090577\" \/>\n<meta property=\"article:modified_time\" content=\"2024-11-14T16:37:58+00:00\" \/>\n<meta name=\"twitter:card\" content=\"summary_large_image\" \/>\n<meta name=\"twitter:site\" content=\"@traffix1979\" \/>\n<!-- \/ Yoast SEO plugin. -->","yoast_head_json":{"title":"Solutions logistiques de TRAFFIX - sur mesure pour votre entreprise","description":"Explorez les solutions logistiques compl\u00e8tes de TRAFFIX, adapt\u00e9es aux besoins de votre entreprise. Optimisez votre cha\u00eene d'approvisionnement. Parlez \u00e0 un expert d\u00e8s aujourd'hui.","robots":{"index":"index","follow":"follow","max-snippet":"max-snippet:-1","max-image-preview":"max-image-preview:large","max-video-preview":"max-video-preview:-1"},"canonical":"https:\/\/www.traffix.com\/fr\/solutions","og_locale":"fr_FR","og_type":"article","og_title":"Solutions logistiques de TRAFFIX - sur mesure pour votre entreprise","og_description":"Explorez les solutions logistiques compl\u00e8tes de TRAFFIX, adapt\u00e9es aux besoins de votre entreprise. Optimisez votre cha\u00eene d'approvisionnement. Parlez \u00e0 un expert d\u00e8s aujourd'hui.","og_url":"https:\/\/www.traffix.com\/fr\/solutions","og_site_name":"TRAFFIX","article_publisher":"https:\/\/www.facebook.com\/pages\/Traffix\/346990412090577","article_modified_time":"2024-11-14T16:37:58+00:00","twitter_card":"summary_large_image","twitter_site":"@traffix1979","schema":{"@context":"https:\/\/schema.org","@graph":[{"@type":"WebPage","@id":"https:\/\/www.traffix.com\/fr\/solutions","url":"https:\/\/www.traffix.com\/fr\/solutions","name":"Solutions logistiques de TRAFFIX - sur mesure pour votre entreprise","isPartOf":{"@id":"https:\/\/www.traffix.com\/fr#website"},"datePublished":"2024-05-02T11:59:18+00:00","dateModified":"2024-11-14T16:37:58+00:00","description":"Explorez les solutions logistiques compl\u00e8tes de TRAFFIX, adapt\u00e9es aux besoins de votre entreprise. Optimisez votre cha\u00eene d'approvisionnement. Parlez \u00e0 un expert d\u00e8s aujourd'hui.","breadcrumb":{"@id":"https:\/\/www.traffix.com\/fr\/solutions#breadcrumb"},"inLanguage":"fr-FR","potentialAction":[{"@type":"ReadAction","target":["https:\/\/www.traffix.com\/fr\/solutions"]}]},{"@type":"BreadcrumbList","@id":"https:\/\/www.traffix.com\/fr\/solutions#breadcrumb","itemListElement":[{"@type":"ListItem","position":1,"name":"Home","item":"https:\/\/www.traffix.com\/fr"},{"@type":"ListItem","position":2,"name":"Solutions"}]},{"@type":"WebSite","@id":"https:\/\/www.traffix.com\/fr#website","url":"https:\/\/www.traffix.com\/fr","name":"TRAFFIX","description":"North America&#039;s Leading Third-Party Logistics Specialist","potentialAction":[{"@type":"SearchAction","target":{"@type":"EntryPoint","urlTemplate":"https:\/\/www.traffix.com\/fr?s={search_term_string}"},"query-input":{"@type":"PropertyValueSpecification","valueRequired":true,"valueName":"search_term_string"}}],"inLanguage":"fr-FR"}]}},"uagb_featured_image_src":{"full":false,"thumbnail":false,"medium":false,"medium_large":false,"large":false,"1536x1536":false,"2048x2048":false,"post-thumbnail":false,"admin-square":false,"admin-landscape":false,"admin-portrait":false,"thumb_2000":false,"thumb_1600":false,"thumb_1400":false,"thumb_1200":false,"thumb_1000":false,"thumb_900":false,"thumb_800":false,"thumb_700":false,"thumb_600":false,"thumb_500":false,"thumb_400":false,"thumb_300":false,"thumb_200":false,"thumb_100":false,"gform-image-choice-sm":false,"gform-image-choice-md":false,"gform-image-choice-lg":false},"uagb_author_info":{"display_name":"traffix","author_link":"https:\/\/www.traffix.com\/fr\/author\/traffix"},"uagb_comment_info":0,"uagb_excerpt":null,"_links":{"self":[{"href":"https:\/\/www.traffix.com\/fr\/wp-json\/wp\/v2\/pages\/910","targetHints":{"allow":["GET"]}}],"collection":[{"href":"https:\/\/www.traffix.com\/fr\/wp-json\/wp\/v2\/pages"}],"about":[{"href":"https:\/\/www.traffix.com\/fr\/wp-json\/wp\/v2\/types\/page"}],"author":[{"embeddable":true,"href":"https:\/\/www.traffix.com\/fr\/wp-json\/wp\/v2\/users\/1"}],"replies":[{"embeddable":true,"href":"https:\/\/www.traffix.com\/fr\/wp-json\/wp\/v2\/comments?post=910"}],"version-history":[{"count":0,"href":"https:\/\/www.traffix.com\/fr\/wp-json\/wp\/v2\/pages\/910\/revisions"}],"wp:attachment":[{"href":"https:\/\/www.traffix.com\/fr\/wp-json\/wp\/v2\/media?parent=910"}],"curies":[{"name":"wp","href":"https:\/\/api.w.org\/{rel}","templated":true}]}}